{"id":33,"date":"2020-03-30T20:10:34","date_gmt":"2020-03-30T17:10:34","guid":{"rendered":"http:\/\/www.bir.agency\/?page_id=33"},"modified":"2021-06-18T11:51:17","modified_gmt":"2021-06-18T08:51:17","slug":"hakkimizda","status":"publish","type":"page","link":"https:\/\/www.bir.agency\/index.php\/hakkimizda\/","title":{"rendered":"bir.bilen"},"content":{"rendered":"\t\t<div data-elementor-type=\"wp-page\" data-elementor-id=\"33\" class=\"elementor elementor-33\">\n\t\t\t\t\t\t<section class=\"elementor-section elementor-top-section elementor-element elementor-element-56e66742 elementor-section-boxed elementor-section-height-default elementor-section-height-default\" data-id=\"56e66742\" data-element_type=\"section\">\n\t\t\t\t\t\t<div class=\"elementor-container elementor-column-gap-default\">\n\t\t\t\t\t<div class=\"elementor-column elementor-col-100 elementor-top-column elementor-element elementor-element-12a46b30\" data-id=\"12a46b30\" data-element_type=\"column\" data-settings=\"{&quot;background_background&quot;:&quot;classic&quot;}\">\n\t\t\t<div class=\"elementor-widget-wrap elementor-element-populated\">\n\t\t\t\t\t\t<div class=\"elementor-element elementor-element-3671d2c animated-slow elementor-invisible elementor-widget elementor-widget-heading\" data-id=\"3671d2c\" data-element_type=\"widget\" data-settings=\"{&quot;_animation&quot;:&quot;fadeIn&quot;}\" data-widget_type=\"heading.default\">\n\t\t\t\t<div class=\"elementor-widget-container\">\n\t\t\t<h2 class=\"elementor-heading-title elementor-size-default\">bir. bilen laz\u0131m oldu\u011funda...<\/h2>\t\t<\/div>\n\t\t\t\t<\/div>\n\t\t\t\t<div class=\"elementor-element elementor-element-506a66fe elementor-widget elementor-widget-text-editor\" data-id=\"506a66fe\" data-element_type=\"widget\" data-widget_type=\"text-editor.default\">\n\t\t\t\t<div class=\"elementor-widget-container\">\n\t\t\t\t\t\t\t<p><!-- wp:paragraph {\"customFontSize\":18} --><\/p>\n<p style=\"font-size: 18px;\"><strong><span class=\"has-inline-color\" style=\"color: #fc0457;\">bir.agency, 30 y\u0131ll\u0131k reklamc\u0131l\u0131k deneyimine sahip, gen\u00e7, yeni nesil i\u015f ve pazarlama fikirleri \u00fcreten g\u00fc\u00e7l\u00fc bir ekip olarak \u00e7al\u0131\u015f\u0131yor.<\/span> <\/strong>Konvansiyonel ve digital mecralar i\u00e7in yaratt\u0131\u011f\u0131 kavramlarla \u00f6zg\u00fcn i\u00e7erik ve tasar\u0131mlar haz\u0131rlayarak markalara de\u011fer katmaya devam ediyor.<\/p>\n<p><!-- \/wp:paragraph --><\/p>\t\t\t\t\t\t<\/div>\n\t\t\t\t<\/div>\n\t\t\t\t\t<\/div>\n\t\t<\/div>\n\t\t\t\t\t<\/div>\n\t\t<\/section>\n\t\t\t\t<\/div>\n\t\t","protected":false},"excerpt":{"rendered":"<p>bir. bilen laz\u0131m oldu\u011funda&#8230; bir.agency, 30 y\u0131ll\u0131k reklamc\u0131l\u0131k deneyimine sahip, gen\u00e7, yeni nesil i\u015f ve pazarlama fikirleri \u00fcreten g\u00fc\u00e7l\u00fc bir ekip olarak \u00e7al\u0131\u015f\u0131yor. Konvansiyonel ve digital mecralar i\u00e7in yaratt\u0131\u011f\u0131 kavramlarla \u00f6zg\u00fcn i\u00e7erik ve tasar\u0131mlar haz\u0131rlayarak markalara de\u011fer katmaya devam ediyor.<\/p>\n","protected":false},"author":1,"featured_media":0,"parent":0,"menu_order":0,"comment_status":"closed","ping_status":"closed","template":"","meta":{"footnotes":""},"class_list":["post-33","page","type-page","status-publish","hentry"],"_links":{"self":[{"href":"https:\/\/www.bir.agency\/index.php\/wp-json\/wp\/v2\/pages\/33"}],"collection":[{"href":"https:\/\/www.bir.agency\/index.php\/wp-json\/wp\/v2\/pages"}],"about":[{"href":"https:\/\/www.bir.agency\/index.php\/wp-json\/wp\/v2\/types\/page"}],"author":[{"embeddable":true,"href":"https:\/\/www.bir.agency\/index.php\/wp-json\/wp\/v2\/users\/1"}],"replies":[{"embeddable":true,"href":"https:\/\/www.bir.agency\/index.php\/wp-json\/wp\/v2\/comments?post=33"}],"version-history":[{"count":18,"href":"https:\/\/www.bir.agency\/index.php\/wp-json\/wp\/v2\/pages\/33\/revisions"}],"predecessor-version":[{"id":315,"href":"https:\/\/www.bir.agency\/index.php\/wp-json\/wp\/v2\/pages\/33\/revisions\/315"}],"wp:attachment":[{"href":"https:\/\/www.bir.agency\/index.php\/wp-json\/wp\/v2\/media?parent=33"}],"curies":[{"name":"wp","href":"https:\/\/api.w.org\/{rel}","templated":true}]}}