{"id":40,"date":"2020-03-30T20:10:34","date_gmt":"2020-03-30T20:10:34","guid":{"rendered":"http:\/\/www.bir.agency\/?page_id=40"},"modified":"2021-06-30T15:10:05","modified_gmt":"2021-06-30T12:10:05","slug":"ana-sayfa","status":"publish","type":"page","link":"https:\/\/www.bir.agency\/","title":{"rendered":"bir.agency"},"content":{"rendered":"\t\t<div data-elementor-type=\"wp-page\" data-elementor-id=\"40\" class=\"elementor elementor-40\">\n\t\t\t\t\t\t<section class=\"elementor-section elementor-top-section elementor-element elementor-element-2ef05e81 elementor-section-boxed elementor-section-height-default elementor-section-height-default\" data-id=\"2ef05e81\" data-element_type=\"section\">\n\t\t\t\t\t\t<div class=\"elementor-container elementor-column-gap-default\">\n\t\t\t\t\t<div class=\"elementor-column elementor-col-100 elementor-top-column elementor-element elementor-element-62eaabf3\" data-id=\"62eaabf3\" data-element_type=\"column\">\n\t\t\t<div class=\"elementor-widget-wrap elementor-element-populated\">\n\t\t\t\t\t\t<div class=\"elementor-element elementor-element-48981601 elementor-widget elementor-widget-text-editor\" data-id=\"48981601\" data-element_type=\"widget\" data-widget_type=\"text-editor.default\">\n\t\t\t\t<div class=\"elementor-widget-container\">\n\t\t\t\t\t\t\t<p><!-- wp:paragraph --><\/p>\n<p style=\"margin: 0px; font-variant-numeric: normal; font-variant-east-asian: normal; font-stretch: normal; font-size: 16px; line-height: normal; font-family: Helvetica; color: rgb(47, 42, 43);\">Pareto\u2019nun teorisine g\u00f6re iki tipte insan vard\u0131r. Harekete ge\u00e7enler ve ikinci elciler. \u0130kinci elciler, dura\u011fanl\u0131\u011f\u0131n devam\u0131n\u0131 arzular, harekete ge\u00e7mez. Yeni fikir bulmak yerine, bulunmu\u015f, ikinci el fikirlerle devam eder hayat\u0131na. Harekete ge\u00e7enlerse devaml\u0131 bir hareket pe\u015findedir. \u0130cat\u00e7\u0131d\u0131r, icad\u0131 konusunda inat\u00e7\u0131d\u0131r ve elindekiyle yetinmez.<\/p><p style=\"margin: 0px; font-variant-numeric: normal; font-variant-east-asian: normal; font-stretch: normal; font-size: 16px; line-height: normal; font-family: Helvetica; color: rgb(47, 42, 43);\"><br><\/p><p style=\"margin: 0px; font-variant-numeric: normal; font-variant-east-asian: normal; font-stretch: normal; font-size: 20px; line-height: normal; font-family: Helvetica; color: rgb(107, 108, 110);\"><span style=\"color: rgb(205, 50, 83);\">bir. <\/span>pazarlama du\u0308nyas\u0131n\u0131n harekete ge\u00e7enleri i\u00e7in \u00e7al\u0131\u015f\u0131r.<\/p><p style=\"margin: 0px; font-variant-numeric: normal; font-variant-east-asian: normal; font-stretch: normal; font-size: 16px; line-height: normal; font-family: Helvetica; color: rgb(205, 50, 83);\">(Burada oldu\u011funuza ve buraya kadar okudu\u011funuza g\u00f6re, siz de bir harekete ge\u00e7ensiniz.)<\/p><p style=\"margin: 0px; font-variant-numeric: normal; font-variant-east-asian: normal; font-stretch: normal; font-size: 16px; line-height: normal; font-family: Helvetica; color: rgb(205, 50, 83);\"><br><\/p><p style=\"margin: 0px; font-variant-numeric: normal; font-variant-east-asian: normal; font-stretch: normal; font-size: 16px; line-height: normal; font-family: Helvetica; color: rgb(47, 42, 43);\"><span style=\"color: rgb(205, 50, 83);\">bir. <\/span>marka de\u011ferinizi bu\u0308yu\u0308ten, yeni, i\u015fe yarayan, sat\u0131\u015flar\u0131 art\u0131ran bu\u0308yu\u0308k fikirler bulmak i\u00e7in \u00e7al\u0131\u015f\u0131r, bulur da. Rasyoneli kuvvetli ve hayata ge\u00e7irilmesi mu\u0308mku\u0308n olan, % 100 \u00e7al\u0131\u015fan pazarlama fikirleri. Sonra, 30 y\u0131ll\u0131k reklamc\u0131l\u0131k tecru\u0308besiyle fikirleri tasar\u0131mla, tasar\u0131m\u0131 ise u\u0308retim, mecra ve medya uygulamalar\u0131yla bulu\u015fturur, entegre ve efektif \u00e7\u00f6zu\u0308mler u\u0308retir. Yani, <span style=\"color: rgb(205, 50, 83);\">bir. <\/span>yeni nesil ve ak\u0131ll\u0131 i\u015flerle katma de\u011fer yaratan <span style=\"color: rgb(205, 50, 83);\">bir. <\/span>marka geli\u015ftiricisidir.<\/p><p style=\"margin: 0px; font-variant-numeric: normal; font-variant-east-asian: normal; font-stretch: normal; font-size: 16px; line-height: normal; font-family: Helvetica; color: rgb(47, 42, 43);\"><br><\/p><p style=\"margin: 0px; font-variant-numeric: normal; font-variant-east-asian: normal; font-stretch: normal; font-size: 16px; line-height: normal; font-family: Helvetica; color: rgb(47, 42, 43);\">\u201cHas reklam, reklam gibi olmayan reklam; as\u0131l marka, su\u0308rdu\u0308ru\u0308lebilirli\u011fi destekleyen markalard\u0131r.\u201d<\/p><p style=\"margin: 0px; font-variant-numeric: normal; font-variant-east-asian: normal; font-stretch: normal; font-size: 16px; line-height: normal; font-family: Helvetica; color: rgb(47, 42, 43);\"><br><\/p>\n<p><!-- \/wp:paragraph --><\/p>\t\t\t\t\t\t<\/div>\n\t\t\t\t<\/div>\n\t\t\t\t\t<\/div>\n\t\t<\/div>\n\t\t\t\t\t<\/div>\n\t\t<\/section>\n\t\t\t\t<\/div>\n\t\t","protected":false},"excerpt":{"rendered":"<p>Pareto\u2019nun teorisine g\u00f6re iki tipte insan vard\u0131r. Harekete ge\u00e7enler ve ikinci elciler. \u0130kinci elciler, dura\u011fanl\u0131\u011f\u0131n devam\u0131n\u0131 arzular, harekete ge\u00e7mez. Yeni fikir bulmak yerine, bulunmu\u015f, ikinci el fikirlerle devam eder hayat\u0131na. Harekete ge\u00e7enlerse devaml\u0131 bir hareket pe\u015findedir. \u0130cat\u00e7\u0131d\u0131r, icad\u0131 konusunda inat\u00e7\u0131d\u0131r<\/p>\n","protected":false},"author":1,"featured_media":0,"parent":0,"menu_order":0,"comment_status":"closed","ping_status":"closed","template":"","meta":{"footnotes":""},"class_list":["post-40","page","type-page","status-publish","hentry"],"_links":{"self":[{"href":"https:\/\/www.bir.agency\/index.php\/wp-json\/wp\/v2\/pages\/40"}],"collection":[{"href":"https:\/\/www.bir.agency\/index.php\/wp-json\/wp\/v2\/pages"}],"about":[{"href":"https:\/\/www.bir.agency\/index.php\/wp-json\/wp\/v2\/types\/page"}],"author":[{"embeddable":true,"href":"https:\/\/www.bir.agency\/index.php\/wp-json\/wp\/v2\/users\/1"}],"replies":[{"embeddable":true,"href":"https:\/\/www.bir.agency\/index.php\/wp-json\/wp\/v2\/comments?post=40"}],"version-history":[{"count":6,"href":"https:\/\/www.bir.agency\/index.php\/wp-json\/wp\/v2\/pages\/40\/revisions"}],"predecessor-version":[{"id":311,"href":"https:\/\/www.bir.agency\/index.php\/wp-json\/wp\/v2\/pages\/40\/revisions\/311"}],"wp:attachment":[{"href":"https:\/\/www.bir.agency\/index.php\/wp-json\/wp\/v2\/media?parent=40"}],"curies":[{"name":"wp","href":"https:\/\/api.w.org\/{rel}","templated":true}]}}